{"id":542,"date":"2024-05-19T20:18:43","date_gmt":"2024-05-19T18:18:43","guid":{"rendered":"https:\/\/xn--neuwieder-brgerliste-zec.de\/?page_id=542"},"modified":"2024-05-19T20:46:09","modified_gmt":"2024-05-19T18:46:09","slug":"buergernahe-politik","status":"publish","type":"page","link":"https:\/\/xn--neuwieder-brgerliste-zec.de\/index.php\/buergernahe-politik\/","title":{"rendered":"b\u00fcrgernahe Politik"},"content":{"rendered":"<div  data-label=\"buergernahe politik\" data-id=\"about-image-section-pro\" data-category=\"about\" class=\"about-image-section-pro\" id=\"buergernahe-politik\" style=\"background-color: rgb(255, 255, 255);\"> <div  class=\"gridContainer\"> <div  class=\"row about-image-gridcol-pro\"> <div  class=\"about-image-textcol-pro\" data-type=\"column\"> <h2  class=\"\"><span  style=\"color: rgb(237, 89, 0);\">Unser Beitrag zur \n<br >b\u00fcrgernahen Politik<\/span><\/h2>  <\/div> <div  data-type=\"column\" class=\"\"><h4  class=\"\"><span  style=\"color: rgb(0, 101, 116);\">B\u00fcrgerbeteiligung f\u00f6rdern<\/span><\/h4><p  class=\"\"><span  style=\"font-weight: 600; color: rgb(51, 51, 51);\">Ein Grund f\u00fcr unserer Gr\u00fcndung und damit Ziel der Neuwieder B\u00fcrgerliste ist, dem B\u00fcrger mehr Geh\u00f6r zu verschaffen, ihn einzubinden in Entscheidungen der Politik. Dies haben wir auch bei der Stadtverwaltung immer wieder eingefordert. Erfreut k\u00f6nnen wir feststellen, dass wir Geh\u00f6r gefunden haben und die B\u00fcrgerbeteiligung innerhalb der letzten 10 Jahre, in denen wir im Stadtrat vertreten sind, zugenommen hat.\n<\/span><br ><br ><span  style=\"font-weight: 600; color: rgb(51, 51, 51);\">\nEs gibt mittlerweile online-Umfragen und workshops zu verschiedenen Themen. Der Vorschlag von uns, die Kompetenz der Neuwieder B\u00fcrger zur Entwicklung der Stadt zu nutzen, wurde von Oberb\u00fcrgermeister Jan Einig mit dem Netzwerk Innenstadt umgesetzt. Die Einbindung der dort engagierten B\u00fcrgerinnen und B\u00fcrger in die weitere Entwicklung der Stadt ist allerdings stark verbesserungsw\u00fcrdig.\n<\/span><br ><br ><span  style=\"font-weight: 600; color: rgb(51, 51, 51);\">\nUnter Nutzung der digitalen M\u00f6glichkeiten lassen sich online-Befragungen der B\u00fcrger einfach einsetzen. Deshalb fordern wir, dies h\u00e4ufiger zu tun, vor allem bei wichtigen Entscheidungen.<\/span><\/p>  <h4  class=\"\"><span  style=\"color: rgb(0, 101, 116);\">Regelm\u00e4\u00dfige B\u00fcrgergespr\u00e4che angeboten<\/span><\/h4><p  class=\"\"><span  style=\"color: rgb(51, 51, 51); font-weight: 600;\">Als einziges von 48 Stadtratsmitgliedern hat Dr. Jutta Etscheidt f\u00fcr die B\u00fcrgerliste seit Ihrer Wahl in den Stadtrat im Jahr 2014 regelm\u00e4\u00dfig einmal im Monat B\u00fcrgergespr\u00e4che angeboten (nur in Corona- und Ferienzeiten ausgesetzt). Ziel war immer, die B\u00fcrger Neuwieds parteiunabh\u00e4ngig \u00fcber die Pl\u00e4ne der Stadt zu informieren und gleichzeitig deren Meinungsbild, Kritik und Anregungen mit in die Entscheidungsprozesse zu nehmen.<\/span><\/p><h4  class=\"\"><span  style=\"color: rgb(0, 101, 116);\">Antrag auf B\u00fcrgerbeteiligung bevor Waldfl\u00e4chen verschenkt werden<\/span><\/h4><p  class=\"\">Die Stadtverwaltung will mindestens 10 Hektar Wald unentgeltlich an die SWN GmbH abtreten, die dort Windkraftwerke bauen m\u00f6chte. Mit dieser \u00dcbertragung sollen unsere Stadtwerke kreditw\u00fcrdiger werden. Beim Bau der Windr\u00e4der werden Gesellschaften und Tochtergesellschaften gegr\u00fcndet, womit die Waldfl\u00e4chen privatisiert werden und nie mehr zur Stadt zur\u00fcckkehren. Da der Wald den Neuwieder B\u00fcrgern geh\u00f6rt und durch die Stadtverwaltung eben nur verwaltet wird, sehen wir die Zustimmung der Neuwieder B\u00fcrger zu diesem \u201edeal\u201c als unerl\u00e4sslich an und forderten eine Abstimmung. Wir formulierten einen entsprechenden Antrag, der aber vom OB nicht zugelassen wurde.<\/p><a href=\"https:\/\/xn--neuwieder-brgerliste-zec.de\/index.php\/energiewende\" class=\"\" target=\"_self\" rel=\"noopener\">Rechtlich lassen wir das noch pr\u00fcfen (siehe auch Thema Energiewende)<\/a><p  class=\"\"><\/p><h4  class=\"\"><span  style=\"color: rgb(0, 101, 116);\">Ein Erfolg f\u00fcr die Basisdemokratie \u2013 neue Ortsbeir\u00e4te f\u00fcr Heddesdorf und Innenstadt erk\u00e4mpft<\/span><\/h4><a href=\"https:\/\/xn--neuwieder-brgerliste-zec.de\/index.php\/stadtverwaltung\" class=\"\" target=\"_self\" rel=\"noopener\">(siehe unter Men\u00fcpunkt Stadtverwaltung weiter unten)<\/a><p  class=\"\"><\/p><a class=\"button color1\" href=\"https:\/\/neuwieder-b\u00fcrgerliste.de\/#erreichte-ziele\" target=\"_self\" data-icon=\"\" rel=\"noopener\">Zur Themen\u00fcbersicht<\/a><\/div> <\/div> <\/div> <\/div><div class=\"shariff shariff-align-center shariff-widget-align-flex-start\"><ul class=\"shariff-buttons theme-default orientation-horizontal buttonsize-medium\"><li class=\"shariff-button facebook\" style=\"background-color:#4273c8\"><a href=\"https:\/\/www.facebook.com\/sharer\/sharer.php?u=https%3A%2F%2Fxn--neuwieder-brgerliste-zec.de%2Findex.php%2F2024%2F05%2F19%2Fantrag-auf-eine-zeitschiene-zum-erreichen-der-klimaneutralitaet%2F\" title=\"Bei Facebook teilen\" aria-label=\"Bei Facebook teilen\" role=\"button\" rel=\"noreferrernoopener nofollow\" class=\"shariff-link\" style=\"; background-color:#006674; color:#fff\" target=\"_blank\"><span class=\"shariff-icon\" style=\"\"><svg width=\"32px\" height=\"20px\" xmlns=\"http:\/\/www.w3.org\/2000\/svg\" viewBox=\"0 0 18 32\"><path fill=\"#3b5998\" d=\"M17.1 0.2v4.7h-2.8q-1.5 0-2.1 0.6t-0.5 1.9v3.4h5.2l-0.7 5.3h-4.5v13.6h-5.5v-13.6h-4.5v-5.3h4.5v-3.9q0-3.3 1.9-5.2t5-1.8q2.6 0 4.1 0.2z\"\/><\/svg><\/span><span class=\"shariff-text\">teilen<\/span>&nbsp;<\/a><\/li><li class=\"shariff-button whatsapp\" style=\"background-color:#5cbe4a\"><a href=\"https:\/\/api.whatsapp.com\/send?text=https%3A%2F%2Fxn--neuwieder-brgerliste-zec.de%2Findex.php%2F2024%2F05%2F19%2Fantrag-auf-eine-zeitschiene-zum-erreichen-der-klimaneutralitaet%2F%20Antrag%20auf%20eine%20Zeitschiene%20zum%20Erreichen%20der%20Klimaneutralit%C3%A4t\" title=\"Bei Whatsapp teilen\" aria-label=\"Bei Whatsapp teilen\" role=\"button\" rel=\"noreferrernoopener nofollow\" class=\"shariff-link\" style=\"; background-color:#006674; color:#fff\" target=\"_blank\"><span class=\"shariff-icon\" style=\"\"><svg width=\"32px\" height=\"20px\" xmlns=\"http:\/\/www.w3.org\/2000\/svg\" viewBox=\"0 0 32 32\"><path fill=\"#34af23\" d=\"M17.6 17.4q0.2 0 1.7 0.8t1.6 0.9q0 0.1 0 0.3 0 0.6-0.3 1.4-0.3 0.7-1.3 1.2t-1.8 0.5q-1 0-3.4-1.1-1.7-0.8-3-2.1t-2.6-3.3q-1.3-1.9-1.3-3.5v-0.1q0.1-1.6 1.3-2.8 0.4-0.4 0.9-0.4 0.1 0 0.3 0t0.3 0q0.3 0 0.5 0.1t0.3 0.5q0.1 0.4 0.6 1.6t0.4 1.3q0 0.4-0.6 1t-0.6 0.8q0 0.1 0.1 0.3 0.6 1.3 1.8 2.4 1 0.9 2.7 1.8 0.2 0.1 0.4 0.1 0.3 0 1-0.9t0.9-0.9zM14 26.9q2.3 0 4.3-0.9t3.6-2.4 2.4-3.6 0.9-4.3-0.9-4.3-2.4-3.6-3.6-2.4-4.3-0.9-4.3 0.9-3.6 2.4-2.4 3.6-0.9 4.3q0 3.6 2.1 6.6l-1.4 4.2 4.3-1.4q2.8 1.9 6.2 1.9zM14 2.2q2.7 0 5.2 1.1t4.3 2.9 2.9 4.3 1.1 5.2-1.1 5.2-2.9 4.3-4.3 2.9-5.2 1.1q-3.5 0-6.5-1.7l-7.4 2.4 2.4-7.2q-1.9-3.2-1.9-6.9 0-2.7 1.1-5.2t2.9-4.3 4.3-2.9 5.2-1.1z\"\/><\/svg><\/span><span class=\"shariff-text\">teilen<\/span>&nbsp;<\/a><\/li><li class=\"shariff-button twitter\" style=\"background-color:#1e3050\"><a href=\"https:\/\/twitter.com\/share?url=https%3A%2F%2Fxn--neuwieder-brgerliste-zec.de%2Findex.php%2F2024%2F05%2F19%2Fantrag-auf-eine-zeitschiene-zum-erreichen-der-klimaneutralitaet%2F&text=Antrag%20auf%20eine%20Zeitschiene%20zum%20Erreichen%20der%20Klimaneutralit%C3%A4t\" title=\"Bei X (Twitter) teilen\" aria-label=\"Bei X (Twitter) teilen\" role=\"button\" rel=\"noreferrernoopener nofollow\" class=\"shariff-link\" style=\"; background-color:#006674; color:#fff\" target=\"_blank\"><span class=\"shariff-icon\" style=\"\"><svg xmlns=\"http:\/\/www.w3.org\/2000\/svg\" height=\"1em\" viewBox=\"0 0 512 512\"><!--! Font Awesome Free 6.4.2 by @fontawesome - https:\/\/fontawesome.com License - https:\/\/fontawesome.com\/license (Commercial License) Copyright 2023 Fonticons, Inc. --><style>svg{fill:#ffffff}<\/style><path d=\"M389.2 48h70.6L305.6 224.2 487 464H345L233.7 318.6 106.5 464H35.8L200.7 275.5 26.8 48H172.4L272.9 180.9 389.2 48zM364.4 421.8h39.1L151.1 88h-42L364.4 421.8z\"\/><\/svg><\/span><span class=\"shariff-text\">twittern<\/span>&nbsp;<\/a><\/li><\/ul><\/div>","protected":false},"excerpt":{"rendered":"<p>Unser Beitrag zur b\u00fcrgernahen Politik B\u00fcrgerbeteiligung f\u00f6rdernEin Grund f\u00fcr unserer Gr\u00fcndung und damit Ziel der Neuwieder B\u00fcrgerliste ist, dem B\u00fcrger mehr Geh\u00f6r zu verschaffen, ihn einzubinden in Entscheidungen der Politik. Dies haben wir auch bei der Stadtverwaltung immer wieder eingefordert. Erfreut k\u00f6nnen wir feststellen, dass wir Geh\u00f6r gefunden haben und die B\u00fcrgerbeteiligung innerhalb der letzten&hellip; <br \/> <a class=\"button small blue\" href=\"https:\/\/xn--neuwieder-brgerliste-zec.de\/index.php\/2024\/05\/19\/antrag-auf-eine-zeitschiene-zum-erreichen-der-klimaneutralitaet\/\">Weiterlesen<\/a><\/p>\n","protected":false},"author":1,"featured_media":0,"parent":0,"menu_order":0,"comment_status":"closed","ping_status":"closed","template":"full-width-page.php","meta":{"footnotes":""},"class_list":["post-542","page","type-page","status-publish","hentry"],"_links":{"self":[{"href":"https:\/\/xn--neuwieder-brgerliste-zec.de\/index.php\/wp-json\/wp\/v2\/pages\/542","targetHints":{"allow":["GET"]}}],"collection":[{"href":"https:\/\/xn--neuwieder-brgerliste-zec.de\/index.php\/wp-json\/wp\/v2\/pages"}],"about":[{"href":"https:\/\/xn--neuwieder-brgerliste-zec.de\/index.php\/wp-json\/wp\/v2\/types\/page"}],"author":[{"embeddable":true,"href":"https:\/\/xn--neuwieder-brgerliste-zec.de\/index.php\/wp-json\/wp\/v2\/users\/1"}],"replies":[{"embeddable":true,"href":"https:\/\/xn--neuwieder-brgerliste-zec.de\/index.php\/wp-json\/wp\/v2\/comments?post=542"}],"version-history":[{"count":5,"href":"https:\/\/xn--neuwieder-brgerliste-zec.de\/index.php\/wp-json\/wp\/v2\/pages\/542\/revisions"}],"predecessor-version":[{"id":559,"href":"https:\/\/xn--neuwieder-brgerliste-zec.de\/index.php\/wp-json\/wp\/v2\/pages\/542\/revisions\/559"}],"wp:attachment":[{"href":"https:\/\/xn--neuwieder-brgerliste-zec.de\/index.php\/wp-json\/wp\/v2\/media?parent=542"}],"curies":[{"name":"wp","href":"https:\/\/api.w.org\/{rel}","templated":true}]}}