{"id":540,"date":"2024-05-19T20:18:26","date_gmt":"2024-05-19T18:18:26","guid":{"rendered":"https:\/\/xn--neuwieder-brgerliste-zec.de\/?page_id=540"},"modified":"2024-05-19T20:49:54","modified_gmt":"2024-05-19T18:49:54","slug":"attraktive-innenstadt","status":"publish","type":"page","link":"https:\/\/xn--neuwieder-brgerliste-zec.de\/index.php\/attraktive-innenstadt\/","title":{"rendered":"attraktive Innenstadt"},"content":{"rendered":"<div  data-label=\"attraktive Innenstadt\" data-id=\"about-image-section-pro\" data-category=\"about\" class=\"about-image-section-pro\" id=\"attraktive-innenstadt\" style=\"background-color: rgb(255, 255, 255);\"> <div  class=\"gridContainer\"> <div  class=\"row about-image-gridcol-pro\"> <div  class=\"about-image-textcol-pro\" data-type=\"column\"> <h2  class=\"\"><span  style=\"font-weight: 300; color: rgb(237, 89, 0);\">Unser Beitrag zur \n<\/span><br ><span  style=\"font-weight: 300; color: rgb(237, 89, 0);\">attraktiven Innenstadt<\/span><\/h2>  <\/div> <div  data-type=\"column\" class=\"\"><h4  class=\"\"><span  style=\"color: rgb(0, 101, 116);\">Neue Deichpromenade<\/span><\/h4><p  class=\"\"><span style=\"font-weight: 600;\" >Um wenigsten einige der alten Weiden zu retten, wurde damals eine B\u00fcrgerinitiative gegr\u00fcndet mit Dr. Etscheidt als Vorsitzende. Auf dem Weg zum B\u00fcrgerentscheid wurde ein Kompromiss gefunden. F\u00fcr die gef\u00e4llten B\u00e4ume wurde in Engers eine Weide gepflanzt und am Ende der Promenade s\u00fcdlich der Br\u00fccke 10 weitere B\u00e4ume. Die gef\u00e4llten Weiden sollten nachgepflanzt werden. Die quadratisch geschnittenen, v\u00f6llig unnat\u00fcrlich aussehenden B\u00e4umchen vor der Deichmauer sollten eine vogelnesttaugliche Krone bekommen, was bisher nicht durchgef\u00fchrt wurde. Die neu gepflanzten jungen Weiden zeigen durch die hei\u00dfen Sommer arge D\u00fcrresch\u00e4den, weil nicht genug gegossen wurde. Da zeigt es sich, wie richtig es war, die alten, schattenspendenden Weiden zu erhalten.<\/span><\/p>  <h4  class=\"\"><span  style=\"color: rgb(0, 101, 116);\">Aufenthaltsqualit\u00e4t steigern \u2013 mehr Gr\u00fcn, Blumen und Wasser<\/span><\/h4><p  class=\"\"><span style=\"font-weight: 600;\" >Als erste politische Kraft hat sich die B\u00fcrgerliste Neuwied seit ihrer Wahl in den Stadtrat 2014 f\u00fcr eine attraktivere Innenstadt stark gemacht und dabei auf mehr Gr\u00fcn, Blumen und Wasser gesetzt. Zu teuer, zu viel Dreck, zu pflegeaufwendig waren die Gegenargument, die wir zu h\u00f6ren bekamen Trotzdem haben wir f\u00fcr B\u00e4ume, Blumen und Wasserspiele gek\u00e4mpft, damit die Aufenthaltsqualit\u00e4t der Anwohner und Besucher gesteigert wird. Gleichzeitig wird f\u00fcr Klimaanpassung durch Schattenbildung und K\u00fchlung gesorgt, die Luft gefiltert und mit Sauerstoff angereichert.\n<\/span><br ><br ><span style=\"font-weight: 600;\" >\nB\u00e4ume wurden zu Beginn unserer Zeit noch sehr unkritisch gef\u00e4llt. Inzwischen ist die Stadt deutlich gr\u00fcner geworden und Wasserspiele werden neu errichtet. Auch unsere Vorschl\u00e4ge zur Aufwertung des Luisenplatzes werden endlich in Angriff genommen, nachdem sie auch vom Netzwerk Innenstadt und einem B\u00fcrgerworkshop aufgegriffen wurden.<\/span><\/p><h4  class=\"\"><span  style=\"color: rgb(0, 101, 116);\">Marktplatz umgestalten<\/span><\/h4><p  class=\"\"><span style=\"font-weight: 600;\" >Der Marktplatz sollte sich zu einem kleinen gr\u00fcnen Park entwickeln mit Potential f\u00fcr Gastronomie, Veranstaltungen und M\u00e4rkte. Wichtig war uns dabei, den alten Baumbestand soweit wie m\u00f6glich zu erhalten und wiederum ein Wasserspiel mit einzuplanen. Auch hatten wir eine barrierefreie Anbindung an die Marktkirche vorgesehen sowie eine Tiefgarage unter dem Platz, bautechnisch auch im Hochwassergebiet ohne Probleme machbar.<\/span><br ><span style=\"font-weight: 600;\" >\nLeider wurde unterst\u00fctzt durch die damalige Groko von einem Preisgericht ein Gestaltungsvorschlag angenommen, der keine alten B\u00e4ume, keine Blumenbeete und keine Toiletten vorsah. Wir stimmten dagegen. Auch eine gr\u00f6\u00dfere Entsiegelung der Fl\u00e4che durch die Anlage von Rasen und Blumenrabatten war mit unserer Stimme nicht durchsetzbar. Nach heftige Gegenwehr auch aus der B\u00fcrgerschaft, setzten sich schlie\u00dflich auch die gro\u00dfen Parteien f\u00fcr B\u00e4ume bzw. Toiletten ein.<\/span><\/p><h4  class=\"\"><span  style=\"color: rgb(0, 101, 116);\">Erg\u00e4nzungsantrag auf Einrichtung eines Shuttle Busses<\/span><\/h4><p  class=\"\"><span  style=\"color: rgb(51, 51, 51); font-weight: 600;\">Um bei Veranstaltungen den Parkplatzsuchverkehr einzud\u00e4mmen und gleichzeitig die meist leerstehende Fl\u00e4che der Kirmeswiese zu nutzen, haben wir eine Shuttleverbindung in die Innenstadt vorgeschlagen im Stadtrat. Dies wurde bisher beim Gartenmarkt getestet und soll ausgeweitet werden.<\/span><\/p><h4  class=\"\"><span  style=\"color: rgb(0, 101, 116);\">Trinkwasserspender vorschlagen<\/span><\/h4><p  class=\"\"><span  style=\"font-weight: 600; color: rgb(51, 51, 51);\">Die Versorgung mit kostenlosem Trinkwasser soll in den immer hei\u00dfer werden Sommermonaten den Menschen zur Aufrechterhaltung ihres Fl\u00fcssigkeitshaushaltes zur Verf\u00fcgung stehen. Gerade \u00e4ltere B\u00fcrger sind durch Austrocknung gef\u00e4hrdet. Nicht jeder kann sich oft genug in ein Caf\u00e9 setzen. Deshalb hatten wir diese Idee bei der SWN eingebracht, die dankenswerter Weise zwei Trinkwasserspender in der Innenstadt installierten. Leider sind diese sehr oft defekt und verbrauchen bei einem durch Knopfdruck ausgel\u00f6sten Strahl unn\u00f6tige 30 Sekunden lang Wasser. Dass einer von ihnen am Kinderspielplatz steht, treibt den Wasserverbrauch weiter in die H\u00f6he, weshalb wir eine Umsetzung f\u00fcr sinnvoll erachten.<\/span><\/p><a class=\"button color1\" href=\"https:\/\/xn--neuwieder-brgerliste-zec.de\/#erreichte-ziele\" target=\"_self\" data-icon=\"\" rel=\"noopener\">zur Themen\u00fcbersicht<\/a><\/div> <\/div> <\/div> <\/div><div class=\"shariff shariff-align-center shariff-widget-align-flex-start\"><ul class=\"shariff-buttons theme-default orientation-horizontal buttonsize-medium\"><li class=\"shariff-button facebook\" style=\"background-color:#4273c8\"><a href=\"https:\/\/www.facebook.com\/sharer\/sharer.php?u=https%3A%2F%2Fxn--neuwieder-brgerliste-zec.de%2Findex.php%2F2024%2F05%2F19%2Fantrag-auf-eine-zeitschiene-zum-erreichen-der-klimaneutralitaet%2F\" title=\"Bei Facebook teilen\" aria-label=\"Bei Facebook teilen\" role=\"button\" rel=\"noreferrernoopener nofollow\" class=\"shariff-link\" style=\"; background-color:#006674; color:#fff\" target=\"_blank\"><span class=\"shariff-icon\" style=\"\"><svg width=\"32px\" height=\"20px\" xmlns=\"http:\/\/www.w3.org\/2000\/svg\" viewBox=\"0 0 18 32\"><path fill=\"#3b5998\" d=\"M17.1 0.2v4.7h-2.8q-1.5 0-2.1 0.6t-0.5 1.9v3.4h5.2l-0.7 5.3h-4.5v13.6h-5.5v-13.6h-4.5v-5.3h4.5v-3.9q0-3.3 1.9-5.2t5-1.8q2.6 0 4.1 0.2z\"\/><\/svg><\/span><span class=\"shariff-text\">teilen<\/span>&nbsp;<\/a><\/li><li class=\"shariff-button whatsapp\" style=\"background-color:#5cbe4a\"><a href=\"https:\/\/api.whatsapp.com\/send?text=https%3A%2F%2Fxn--neuwieder-brgerliste-zec.de%2Findex.php%2F2024%2F05%2F19%2Fantrag-auf-eine-zeitschiene-zum-erreichen-der-klimaneutralitaet%2F%20Antrag%20auf%20eine%20Zeitschiene%20zum%20Erreichen%20der%20Klimaneutralit%C3%A4t\" title=\"Bei Whatsapp teilen\" aria-label=\"Bei Whatsapp teilen\" role=\"button\" rel=\"noreferrernoopener nofollow\" class=\"shariff-link\" style=\"; background-color:#006674; color:#fff\" target=\"_blank\"><span class=\"shariff-icon\" style=\"\"><svg width=\"32px\" height=\"20px\" xmlns=\"http:\/\/www.w3.org\/2000\/svg\" viewBox=\"0 0 32 32\"><path fill=\"#34af23\" d=\"M17.6 17.4q0.2 0 1.7 0.8t1.6 0.9q0 0.1 0 0.3 0 0.6-0.3 1.4-0.3 0.7-1.3 1.2t-1.8 0.5q-1 0-3.4-1.1-1.7-0.8-3-2.1t-2.6-3.3q-1.3-1.9-1.3-3.5v-0.1q0.1-1.6 1.3-2.8 0.4-0.4 0.9-0.4 0.1 0 0.3 0t0.3 0q0.3 0 0.5 0.1t0.3 0.5q0.1 0.4 0.6 1.6t0.4 1.3q0 0.4-0.6 1t-0.6 0.8q0 0.1 0.1 0.3 0.6 1.3 1.8 2.4 1 0.9 2.7 1.8 0.2 0.1 0.4 0.1 0.3 0 1-0.9t0.9-0.9zM14 26.9q2.3 0 4.3-0.9t3.6-2.4 2.4-3.6 0.9-4.3-0.9-4.3-2.4-3.6-3.6-2.4-4.3-0.9-4.3 0.9-3.6 2.4-2.4 3.6-0.9 4.3q0 3.6 2.1 6.6l-1.4 4.2 4.3-1.4q2.8 1.9 6.2 1.9zM14 2.2q2.7 0 5.2 1.1t4.3 2.9 2.9 4.3 1.1 5.2-1.1 5.2-2.9 4.3-4.3 2.9-5.2 1.1q-3.5 0-6.5-1.7l-7.4 2.4 2.4-7.2q-1.9-3.2-1.9-6.9 0-2.7 1.1-5.2t2.9-4.3 4.3-2.9 5.2-1.1z\"\/><\/svg><\/span><span class=\"shariff-text\">teilen<\/span>&nbsp;<\/a><\/li><li class=\"shariff-button twitter\" style=\"background-color:#1e3050\"><a href=\"https:\/\/twitter.com\/share?url=https%3A%2F%2Fxn--neuwieder-brgerliste-zec.de%2Findex.php%2F2024%2F05%2F19%2Fantrag-auf-eine-zeitschiene-zum-erreichen-der-klimaneutralitaet%2F&text=Antrag%20auf%20eine%20Zeitschiene%20zum%20Erreichen%20der%20Klimaneutralit%C3%A4t\" title=\"Bei X (Twitter) teilen\" aria-label=\"Bei X (Twitter) teilen\" role=\"button\" rel=\"noreferrernoopener nofollow\" class=\"shariff-link\" style=\"; background-color:#006674; color:#fff\" target=\"_blank\"><span class=\"shariff-icon\" style=\"\"><svg xmlns=\"http:\/\/www.w3.org\/2000\/svg\" height=\"1em\" viewBox=\"0 0 512 512\"><!--! Font Awesome Free 6.4.2 by @fontawesome - https:\/\/fontawesome.com License - https:\/\/fontawesome.com\/license (Commercial License) Copyright 2023 Fonticons, Inc. --><style>svg{fill:#ffffff}<\/style><path d=\"M389.2 48h70.6L305.6 224.2 487 464H345L233.7 318.6 106.5 464H35.8L200.7 275.5 26.8 48H172.4L272.9 180.9 389.2 48zM364.4 421.8h39.1L151.1 88h-42L364.4 421.8z\"\/><\/svg><\/span><span class=\"shariff-text\">twittern<\/span>&nbsp;<\/a><\/li><\/ul><\/div>","protected":false},"excerpt":{"rendered":"<p>Unser Beitrag zur attraktiven Innenstadt Neue DeichpromenadeUm wenigsten einige der alten Weiden zu retten, wurde damals eine B\u00fcrgerinitiative gegr\u00fcndet mit Dr. Etscheidt als Vorsitzende. Auf dem Weg zum B\u00fcrgerentscheid wurde ein Kompromiss gefunden. F\u00fcr die gef\u00e4llten B\u00e4ume wurde in Engers eine Weide gepflanzt und am Ende der Promenade s\u00fcdlich der Br\u00fccke 10 weitere B\u00e4ume. Die&hellip; <br \/> <a class=\"button small blue\" href=\"https:\/\/xn--neuwieder-brgerliste-zec.de\/index.php\/2024\/05\/19\/antrag-auf-eine-zeitschiene-zum-erreichen-der-klimaneutralitaet\/\">Weiterlesen<\/a><\/p>\n","protected":false},"author":1,"featured_media":0,"parent":0,"menu_order":0,"comment_status":"closed","ping_status":"closed","template":"full-width-page.php","meta":{"footnotes":""},"class_list":["post-540","page","type-page","status-publish","hentry"],"_links":{"self":[{"href":"https:\/\/xn--neuwieder-brgerliste-zec.de\/index.php\/wp-json\/wp\/v2\/pages\/540","targetHints":{"allow":["GET"]}}],"collection":[{"href":"https:\/\/xn--neuwieder-brgerliste-zec.de\/index.php\/wp-json\/wp\/v2\/pages"}],"about":[{"href":"https:\/\/xn--neuwieder-brgerliste-zec.de\/index.php\/wp-json\/wp\/v2\/types\/page"}],"author":[{"embeddable":true,"href":"https:\/\/xn--neuwieder-brgerliste-zec.de\/index.php\/wp-json\/wp\/v2\/users\/1"}],"replies":[{"embeddable":true,"href":"https:\/\/xn--neuwieder-brgerliste-zec.de\/index.php\/wp-json\/wp\/v2\/comments?post=540"}],"version-history":[{"count":3,"href":"https:\/\/xn--neuwieder-brgerliste-zec.de\/index.php\/wp-json\/wp\/v2\/pages\/540\/revisions"}],"predecessor-version":[{"id":561,"href":"https:\/\/xn--neuwieder-brgerliste-zec.de\/index.php\/wp-json\/wp\/v2\/pages\/540\/revisions\/561"}],"wp:attachment":[{"href":"https:\/\/xn--neuwieder-brgerliste-zec.de\/index.php\/wp-json\/wp\/v2\/media?parent=540"}],"curies":[{"name":"wp","href":"https:\/\/api.w.org\/{rel}","templated":true}]}}