{"id":536,"date":"2024-05-19T20:17:56","date_gmt":"2024-05-19T18:17:56","guid":{"rendered":"https:\/\/xn--neuwieder-brgerliste-zec.de\/?page_id=536"},"modified":"2024-05-19T20:57:35","modified_gmt":"2024-05-19T18:57:35","slug":"wohnen","status":"publish","type":"page","link":"https:\/\/xn--neuwieder-brgerliste-zec.de\/index.php\/wohnen\/","title":{"rendered":"Wohnen"},"content":{"rendered":"<div data-label=\"Wohnen\" data-id=\"about-image-section-pro\" data-category=\"about\" class=\"about-image-section-pro\" id=\"wohnen\"  style=\"background-color: rgb(255, 255, 255);\"> <div class=\"gridContainer\" > <div class=\"row about-image-gridcol-pro\" > <div class=\"about-image-textcol-pro\" data-type=\"column\" > <h2 class=\"\" ><span style=\"color: rgb(237, 89, 0); font-weight: 300;\" >Unser Beitrag zum Thema Wohnen<\/span><\/h2>  <h4 class=\"\" ><span style=\"color: rgb(0, 101, 116);\" >Antrag auf Zweckentfremdung von Wohnraum<\/span><\/h4><\/div> <div data-type=\"column\" class=\"\" ><p  class=\"\"><span style=\"color: rgb(51, 51, 51); font-weight: 600;\" >Da die Oberfl\u00e4che unseres Planeten begrenzt ist, muss bei der Bek\u00e4mpfung von Wohnungsnot aus \u00f6kologischen Gr\u00fcnden die Aktivierung von Leerstand Vorrang haben vor Neubaugebieten. Damit jeder Leerstand individuell betrachtet und bewertet werden kann, hat die B\u00fcrgerliste im Januar 2024 die Pr\u00fcfung einer sogenannten Zweckentfremdungssatzung im Stadtrat beantragt. Leider wollten CDU, GR\u00dcNE und FWG nicht mitziehen. Gelungen ist aber dadurch, das Thema Wohnraumverknappung in den Focus zu r\u00fccken, so dass die Verwaltung nun ein Wohnraumkonzept erstellen will.<\/span><\/p>  <p  class=\"\"><\/p><a class=\"button color1\" href=\"https:\/\/neuwieder-b\u00fcrgerliste.de\/#erreichte-ziele\" target=\"_self\" data-icon=\"\" rel=\"noopener\">Zur Themen\u00fcbersicht<\/a><\/div> <\/div> <\/div> <\/div><div class=\"shariff shariff-align-center shariff-widget-align-flex-start\"><ul class=\"shariff-buttons theme-default orientation-horizontal buttonsize-medium\"><li class=\"shariff-button facebook\" style=\"background-color:#4273c8\"><a href=\"https:\/\/www.facebook.com\/sharer\/sharer.php?u=https%3A%2F%2Fxn--neuwieder-brgerliste-zec.de%2Findex.php%2F2024%2F05%2F19%2Fantrag-auf-eine-zeitschiene-zum-erreichen-der-klimaneutralitaet%2F\" title=\"Bei Facebook teilen\" aria-label=\"Bei Facebook teilen\" role=\"button\" rel=\"noreferrernoopener nofollow\" class=\"shariff-link\" style=\"; background-color:#006674; color:#fff\" target=\"_blank\"><span class=\"shariff-icon\" style=\"\"><svg width=\"32px\" height=\"20px\" xmlns=\"http:\/\/www.w3.org\/2000\/svg\" viewBox=\"0 0 18 32\"><path fill=\"#3b5998\" d=\"M17.1 0.2v4.7h-2.8q-1.5 0-2.1 0.6t-0.5 1.9v3.4h5.2l-0.7 5.3h-4.5v13.6h-5.5v-13.6h-4.5v-5.3h4.5v-3.9q0-3.3 1.9-5.2t5-1.8q2.6 0 4.1 0.2z\"\/><\/svg><\/span><span class=\"shariff-text\">teilen<\/span>&nbsp;<\/a><\/li><li class=\"shariff-button whatsapp\" style=\"background-color:#5cbe4a\"><a href=\"https:\/\/api.whatsapp.com\/send?text=https%3A%2F%2Fxn--neuwieder-brgerliste-zec.de%2Findex.php%2F2024%2F05%2F19%2Fantrag-auf-eine-zeitschiene-zum-erreichen-der-klimaneutralitaet%2F%20Antrag%20auf%20eine%20Zeitschiene%20zum%20Erreichen%20der%20Klimaneutralit%C3%A4t\" title=\"Bei Whatsapp teilen\" aria-label=\"Bei Whatsapp teilen\" role=\"button\" rel=\"noreferrernoopener nofollow\" class=\"shariff-link\" style=\"; background-color:#006674; color:#fff\" target=\"_blank\"><span class=\"shariff-icon\" style=\"\"><svg width=\"32px\" height=\"20px\" xmlns=\"http:\/\/www.w3.org\/2000\/svg\" viewBox=\"0 0 32 32\"><path fill=\"#34af23\" d=\"M17.6 17.4q0.2 0 1.7 0.8t1.6 0.9q0 0.1 0 0.3 0 0.6-0.3 1.4-0.3 0.7-1.3 1.2t-1.8 0.5q-1 0-3.4-1.1-1.7-0.8-3-2.1t-2.6-3.3q-1.3-1.9-1.3-3.5v-0.1q0.1-1.6 1.3-2.8 0.4-0.4 0.9-0.4 0.1 0 0.3 0t0.3 0q0.3 0 0.5 0.1t0.3 0.5q0.1 0.4 0.6 1.6t0.4 1.3q0 0.4-0.6 1t-0.6 0.8q0 0.1 0.1 0.3 0.6 1.3 1.8 2.4 1 0.9 2.7 1.8 0.2 0.1 0.4 0.1 0.3 0 1-0.9t0.9-0.9zM14 26.9q2.3 0 4.3-0.9t3.6-2.4 2.4-3.6 0.9-4.3-0.9-4.3-2.4-3.6-3.6-2.4-4.3-0.9-4.3 0.9-3.6 2.4-2.4 3.6-0.9 4.3q0 3.6 2.1 6.6l-1.4 4.2 4.3-1.4q2.8 1.9 6.2 1.9zM14 2.2q2.7 0 5.2 1.1t4.3 2.9 2.9 4.3 1.1 5.2-1.1 5.2-2.9 4.3-4.3 2.9-5.2 1.1q-3.5 0-6.5-1.7l-7.4 2.4 2.4-7.2q-1.9-3.2-1.9-6.9 0-2.7 1.1-5.2t2.9-4.3 4.3-2.9 5.2-1.1z\"\/><\/svg><\/span><span class=\"shariff-text\">teilen<\/span>&nbsp;<\/a><\/li><li class=\"shariff-button twitter\" style=\"background-color:#1e3050\"><a href=\"https:\/\/twitter.com\/share?url=https%3A%2F%2Fxn--neuwieder-brgerliste-zec.de%2Findex.php%2F2024%2F05%2F19%2Fantrag-auf-eine-zeitschiene-zum-erreichen-der-klimaneutralitaet%2F&text=Antrag%20auf%20eine%20Zeitschiene%20zum%20Erreichen%20der%20Klimaneutralit%C3%A4t\" title=\"Bei X (Twitter) teilen\" aria-label=\"Bei X (Twitter) teilen\" role=\"button\" rel=\"noreferrernoopener nofollow\" class=\"shariff-link\" style=\"; background-color:#006674; color:#fff\" target=\"_blank\"><span class=\"shariff-icon\" style=\"\"><svg xmlns=\"http:\/\/www.w3.org\/2000\/svg\" height=\"1em\" viewBox=\"0 0 512 512\"><!--! Font Awesome Free 6.4.2 by @fontawesome - https:\/\/fontawesome.com License - https:\/\/fontawesome.com\/license (Commercial License) Copyright 2023 Fonticons, Inc. --><style>svg{fill:#ffffff}<\/style><path d=\"M389.2 48h70.6L305.6 224.2 487 464H345L233.7 318.6 106.5 464H35.8L200.7 275.5 26.8 48H172.4L272.9 180.9 389.2 48zM364.4 421.8h39.1L151.1 88h-42L364.4 421.8z\"\/><\/svg><\/span><span class=\"shariff-text\">twittern<\/span>&nbsp;<\/a><\/li><\/ul><\/div>","protected":false},"excerpt":{"rendered":"<p>Unser Beitrag zum Thema Wohnen Antrag auf Zweckentfremdung von Wohnraum Da die Oberfl\u00e4che unseres Planeten begrenzt ist, muss bei der Bek\u00e4mpfung von Wohnungsnot aus \u00f6kologischen Gr\u00fcnden die Aktivierung von Leerstand Vorrang haben vor Neubaugebieten. Damit jeder Leerstand individuell betrachtet und bewertet werden kann, hat die B\u00fcrgerliste im Januar 2024 die Pr\u00fcfung einer sogenannten Zweckentfremdungssatzung im&hellip; <br \/> <a class=\"button small blue\" href=\"https:\/\/xn--neuwieder-brgerliste-zec.de\/index.php\/2024\/05\/19\/antrag-auf-eine-zeitschiene-zum-erreichen-der-klimaneutralitaet\/\">Weiterlesen<\/a><\/p>\n","protected":false},"author":1,"featured_media":0,"parent":0,"menu_order":0,"comment_status":"closed","ping_status":"closed","template":"full-width-page.php","meta":{"footnotes":""},"class_list":["post-536","page","type-page","status-publish","hentry"],"_links":{"self":[{"href":"https:\/\/xn--neuwieder-brgerliste-zec.de\/index.php\/wp-json\/wp\/v2\/pages\/536","targetHints":{"allow":["GET"]}}],"collection":[{"href":"https:\/\/xn--neuwieder-brgerliste-zec.de\/index.php\/wp-json\/wp\/v2\/pages"}],"about":[{"href":"https:\/\/xn--neuwieder-brgerliste-zec.de\/index.php\/wp-json\/wp\/v2\/types\/page"}],"author":[{"embeddable":true,"href":"https:\/\/xn--neuwieder-brgerliste-zec.de\/index.php\/wp-json\/wp\/v2\/users\/1"}],"replies":[{"embeddable":true,"href":"https:\/\/xn--neuwieder-brgerliste-zec.de\/index.php\/wp-json\/wp\/v2\/comments?post=536"}],"version-history":[{"count":3,"href":"https:\/\/xn--neuwieder-brgerliste-zec.de\/index.php\/wp-json\/wp\/v2\/pages\/536\/revisions"}],"predecessor-version":[{"id":571,"href":"https:\/\/xn--neuwieder-brgerliste-zec.de\/index.php\/wp-json\/wp\/v2\/pages\/536\/revisions\/571"}],"wp:attachment":[{"href":"https:\/\/xn--neuwieder-brgerliste-zec.de\/index.php\/wp-json\/wp\/v2\/media?parent=536"}],"curies":[{"name":"wp","href":"https:\/\/api.w.org\/{rel}","templated":true}]}}