{"id":534,"date":"2024-05-19T20:17:35","date_gmt":"2024-05-19T18:17:35","guid":{"rendered":"https:\/\/xn--neuwieder-brgerliste-zec.de\/?page_id=534"},"modified":"2024-05-19T21:03:14","modified_gmt":"2024-05-19T19:03:14","slug":"tier-natur-und-umweltschutz","status":"publish","type":"page","link":"https:\/\/xn--neuwieder-brgerliste-zec.de\/index.php\/tier-natur-und-umweltschutz\/","title":{"rendered":"Tier- Natur- und Umweltschutz"},"content":{"rendered":"<div data-label=\"Tier Natur Umweltschutz\" data-id=\"about-image-section-pro\" data-category=\"about\" class=\"about-image-section-pro\" id=\"tier-natur-umweltschutz\"  style=\"background-color: rgb(255, 255, 255);\"> <div class=\"gridContainer\" > <div class=\"row about-image-gridcol-pro\" > <div class=\"about-image-textcol-pro\" data-type=\"column\" > <h2 class=\"\" ><span style=\"color: rgb(237, 89, 0);\" >Unser Beitrag zu \n<\/span><br ><span style=\"color: rgb(237, 89, 0);\" >Tier- Natur- und Umweltschutz<\/span><\/h2>  <\/div> <div data-type=\"column\" class=\"\" ><h4 class=\"\" ><span style=\"color: rgb(0, 101, 116);\" >Vork\u00e4mpfer f\u00fcr die Stadt\u00f6kologie<\/span><\/h4>  <p  class=\"\"><span style=\"font-weight: 600; color: rgb(51, 51, 51);\" >Unerm\u00fcdlich hat Frau Dr. Etscheidt f\u00fcr die Neuwieder B\u00fcrgerliste im Stadtrat f\u00fcr die Beachtung des Tier- und Naturschutzes gek\u00e4mpft und sich bei neuen Bau- und Gewerbegebieten, bei Ausbimsungen und bei der Pflege des Stadtgr\u00fcns f\u00fcr deren Belange eingesetzt. Dies war besonders schwer, da das Thema auf der politischen und der Verwaltungsebene in Neuwied nie eine gro\u00dfe Rolle gespielt hat.<\/span><\/p><h4 class=\"\" ><span style=\"color: rgb(0, 101, 116);\" >Erhaltung der Artenvielfalt  &#8211; Antrag zum Bienen- und Insektenschutz<\/span><\/h4><p  class=\"\"><span style=\"font-weight: 600; color: rgb(51, 51, 51);\" >Der Verlust der Artenvielfalt wird von vielen Wissenschaftlern als wesentlich bedrohlicher f\u00fcr unser \u00dcberleben eingesch\u00e4tzt als der Klimawandel. Stellvertretend und f\u00fcr alle sichtbar ist es mittlerweile zu einer starken Reduzierung von best\u00e4ubenden Insekten gekommen, Thema Bienensterben. Deshalb hat die B\u00fcrgerliste Neuwied im Dezember 2018 einen Antrag in den Stadtrat eingebracht, der Ma\u00dfnahmen f\u00fcr den Bienen- und Insektenschutz und damit die Artenvielfalt allgemein in Neuwied vorsieht. CDU, SPD, FWG und die GR\u00dcNEN<\/span><br ><span style=\"font-weight: 600; color: rgb(51, 51, 51);\" >\nverhinderten die Annahme des Antrags. Ein zweiter Anlauf ca. ein Jahr sp\u00e4ter, diesmal mit der Papaya zusammen, war erfolgreich und sorgte daf\u00fcr, dass die Stadtverwaltung Gr\u00fcnfl\u00e4chen zur extensiven Bewirtschaftung ausw\u00e4hlte, um die Artenvielfalt zu unterst\u00fctzen. \u2013 ein gro\u00dfer Erfolg f\u00fcr uns. Betrachtet man allerdings die Umsetzung, dann scheint es der Stadt mit dem Insektenschutz nicht recht Ernst zu sein.<\/span><\/p><h4 class=\"\" ><span style=\"color: rgb(0, 101, 116);\" >Antrag auf Verbot von Schotterg\u00e4rten<\/span><\/h4><p  class=\"\"><span style=\"color: rgb(51, 51, 51); font-weight: 600;\" >Schotterg\u00e4rten sind ein warnendes Beispiel f\u00fcr die Naturentfremdung der Menschen. Sie bieten Tieren keine Nahrungs-, Wohn- und Nistm\u00f6glichkeiten, heizen das Stadtklima auf, verhindern das schnelle Versickern von Regenwasser und tragen so zu Starkregenkatastrophen mit bei. Sie sch\u00e4digen nicht nur die Natur, sondern auch die Mitb\u00fcrger. Deshalb hatte die B\u00fcrgerliste einen entsprechenden Pr\u00fcfantrag auf Verbot von Schotterg\u00e4rten in den Stadtrat eingebracht. Leider hat die Zustimmung der anderen Parteien nur f\u00fcr ein Verbot in Neubaugebieten und bei Bebauungsplan\u00e4nderungen gereicht, was die SPD als \u00c4nderungsantrag einbrachte. Wir setzen uns weiterhin daf\u00fcr ein, illegal angelegte Schotterg\u00e4rten und Versiegelungen auch in bestehenden Baugebieten anzugehen.<\/span><\/p><h4 class=\"\" ><span style=\"color: rgb(0, 101, 116);\" >Antrag auf Ausgleichsfl\u00e4chen in Neuwied<\/span><\/h4><p  class=\"\"><span style=\"color: rgb(51, 51, 51); font-weight: 600;\" >Wenn bei Bebauungen Natur vernichtet wird, sind laut Bundesnaturschutzgesetz Ausgleichsfl\u00e4chen zur Verf\u00fcgung zu stellen. Dies k\u00f6nnen neue, entsiegelt Fl\u00e4chen sein oder welche, die \u00f6kologisch aufgewertet werden. Mit diesem Gesetz soll unsere Lebensgrundlage erhalten werden. Dabei sollen die Ausgleichfl\u00e4chen in einem r\u00e4umlichen und funktionalen Zusammenhang stehen mit der bebauten Fl\u00e4che. Zweimal hat die Stadtverwaltung diese Fl\u00e4chen allerdings auf die andere Rheinseite verlegt, einmal nach Th\u00fcr bei Mayen und einmal nach Mertloch. Beton f\u00fcr uns, Natur f\u00fcr die anderen? Dagegen wollten wir was unternehmen. <\/span><span style=\"color: rgb(51, 51, 51); font-weight: 600;\" >In einem Antrag forderten wir die Stadtverwaltung auf, Ausgleichsfl\u00e4chen in Neuwied oder unmittelbarer Umgebung anzulegen. Au\u00dferdem beantragten wir ein Ausgleichsfl\u00e4chenkonzept. In anderen Kommunen bereits erfolgreich eingesetzt, werden dabei stadt\u00fcbergreifend Fl\u00e4chen zu einem sinnvollen Ganzen vereint und dort durch \u00f6kologische Ma\u00dfnahmen der Natur zur\u00fcckgegeben, was wir vorher durch Bebauung genommen haben. Ein solches Konzept erm\u00f6glicht auch Chancen f\u00fcr Investoren. Leider wurden beide M\u00f6glichkeiten, die Lebensbedingungen in unserer Stadt f\u00fcr Mensch und Tier zu verbessern, von der CDU, FWG und GR\u00dcNEN abgelehnt.<\/span><\/p><h4 class=\"\" ><span style=\"color: rgb(0, 101, 116);\" >Antrag f\u00fcr ein Bew\u00e4sserungskonzept unseres Stadtgr\u00fcns<\/span><\/h4><p  class=\"\"><span style=\"color: rgb(51, 51, 51); font-weight: 600;\" >Die letzten hei\u00dfen Sommer f\u00fchrten zu sichtbaren Sch\u00e4den bis hin zum Absterben vor allem von Stadtb\u00e4umen. Das ist ein \u00f6kologischer und \u00f6konomischer Schaden. Deshalb haben wir zusammen mit der FDP ein Bew\u00e4sserungskonzept f\u00fcr das Stadtgr\u00fcn auf den Weg gebracht. Gerade die Stadtb\u00e4ume brauchen Unterst\u00fctzung, weil ihnen oft nur wenig Erde und Wasser zur Verf\u00fcgung steht. Sie sind extrem wichtig f\u00fcr unser Stadtklima, sorgen f\u00fcr K\u00fchlung im Sommer, filtern Staub und Abgase aus der Luft, dienen Tiere als Habitat und vieles mehr. Die Umsetzung erfolgt mit Hilfe der f\u00fcr das Stadtgr\u00fcn zust\u00e4ndigen Service Betriebe Neuwied (SBN).<\/span><\/p><p  class=\"\"><\/p><a class=\"button color1\" href=\"https:\/\/neuwieder-b\u00fcrgerliste.de\/#erreichte-ziele\" target=\"_self\" data-icon=\"\" rel=\"noopener\">Zur Themen\u00fcbersicht<\/a><\/div> <\/div> <\/div> <\/div><div class=\"shariff shariff-align-center shariff-widget-align-flex-start\"><ul class=\"shariff-buttons theme-default orientation-horizontal buttonsize-medium\"><li class=\"shariff-button facebook\" style=\"background-color:#4273c8\"><a href=\"https:\/\/www.facebook.com\/sharer\/sharer.php?u=https%3A%2F%2Fxn--neuwieder-brgerliste-zec.de%2Findex.php%2F2024%2F05%2F19%2Fantrag-auf-eine-zeitschiene-zum-erreichen-der-klimaneutralitaet%2F\" title=\"Bei Facebook teilen\" aria-label=\"Bei Facebook teilen\" role=\"button\" rel=\"noreferrernoopener nofollow\" class=\"shariff-link\" style=\"; background-color:#006674; color:#fff\" target=\"_blank\"><span class=\"shariff-icon\" style=\"\"><svg width=\"32px\" height=\"20px\" xmlns=\"http:\/\/www.w3.org\/2000\/svg\" viewBox=\"0 0 18 32\"><path fill=\"#3b5998\" d=\"M17.1 0.2v4.7h-2.8q-1.5 0-2.1 0.6t-0.5 1.9v3.4h5.2l-0.7 5.3h-4.5v13.6h-5.5v-13.6h-4.5v-5.3h4.5v-3.9q0-3.3 1.9-5.2t5-1.8q2.6 0 4.1 0.2z\"\/><\/svg><\/span><span class=\"shariff-text\">teilen<\/span>&nbsp;<\/a><\/li><li class=\"shariff-button whatsapp\" style=\"background-color:#5cbe4a\"><a href=\"https:\/\/api.whatsapp.com\/send?text=https%3A%2F%2Fxn--neuwieder-brgerliste-zec.de%2Findex.php%2F2024%2F05%2F19%2Fantrag-auf-eine-zeitschiene-zum-erreichen-der-klimaneutralitaet%2F%20Antrag%20auf%20eine%20Zeitschiene%20zum%20Erreichen%20der%20Klimaneutralit%C3%A4t\" title=\"Bei Whatsapp teilen\" aria-label=\"Bei Whatsapp teilen\" role=\"button\" rel=\"noreferrernoopener nofollow\" class=\"shariff-link\" style=\"; background-color:#006674; color:#fff\" target=\"_blank\"><span class=\"shariff-icon\" style=\"\"><svg width=\"32px\" height=\"20px\" xmlns=\"http:\/\/www.w3.org\/2000\/svg\" viewBox=\"0 0 32 32\"><path fill=\"#34af23\" d=\"M17.6 17.4q0.2 0 1.7 0.8t1.6 0.9q0 0.1 0 0.3 0 0.6-0.3 1.4-0.3 0.7-1.3 1.2t-1.8 0.5q-1 0-3.4-1.1-1.7-0.8-3-2.1t-2.6-3.3q-1.3-1.9-1.3-3.5v-0.1q0.1-1.6 1.3-2.8 0.4-0.4 0.9-0.4 0.1 0 0.3 0t0.3 0q0.3 0 0.5 0.1t0.3 0.5q0.1 0.4 0.6 1.6t0.4 1.3q0 0.4-0.6 1t-0.6 0.8q0 0.1 0.1 0.3 0.6 1.3 1.8 2.4 1 0.9 2.7 1.8 0.2 0.1 0.4 0.1 0.3 0 1-0.9t0.9-0.9zM14 26.9q2.3 0 4.3-0.9t3.6-2.4 2.4-3.6 0.9-4.3-0.9-4.3-2.4-3.6-3.6-2.4-4.3-0.9-4.3 0.9-3.6 2.4-2.4 3.6-0.9 4.3q0 3.6 2.1 6.6l-1.4 4.2 4.3-1.4q2.8 1.9 6.2 1.9zM14 2.2q2.7 0 5.2 1.1t4.3 2.9 2.9 4.3 1.1 5.2-1.1 5.2-2.9 4.3-4.3 2.9-5.2 1.1q-3.5 0-6.5-1.7l-7.4 2.4 2.4-7.2q-1.9-3.2-1.9-6.9 0-2.7 1.1-5.2t2.9-4.3 4.3-2.9 5.2-1.1z\"\/><\/svg><\/span><span class=\"shariff-text\">teilen<\/span>&nbsp;<\/a><\/li><li class=\"shariff-button twitter\" style=\"background-color:#1e3050\"><a href=\"https:\/\/twitter.com\/share?url=https%3A%2F%2Fxn--neuwieder-brgerliste-zec.de%2Findex.php%2F2024%2F05%2F19%2Fantrag-auf-eine-zeitschiene-zum-erreichen-der-klimaneutralitaet%2F&text=Antrag%20auf%20eine%20Zeitschiene%20zum%20Erreichen%20der%20Klimaneutralit%C3%A4t\" title=\"Bei X (Twitter) teilen\" aria-label=\"Bei X (Twitter) teilen\" role=\"button\" rel=\"noreferrernoopener nofollow\" class=\"shariff-link\" style=\"; background-color:#006674; color:#fff\" target=\"_blank\"><span class=\"shariff-icon\" style=\"\"><svg xmlns=\"http:\/\/www.w3.org\/2000\/svg\" height=\"1em\" viewBox=\"0 0 512 512\"><!--! Font Awesome Free 6.4.2 by @fontawesome - https:\/\/fontawesome.com License - https:\/\/fontawesome.com\/license (Commercial License) Copyright 2023 Fonticons, Inc. --><style>svg{fill:#ffffff}<\/style><path d=\"M389.2 48h70.6L305.6 224.2 487 464H345L233.7 318.6 106.5 464H35.8L200.7 275.5 26.8 48H172.4L272.9 180.9 389.2 48zM364.4 421.8h39.1L151.1 88h-42L364.4 421.8z\"\/><\/svg><\/span><span class=\"shariff-text\">twittern<\/span>&nbsp;<\/a><\/li><\/ul><\/div>","protected":false},"excerpt":{"rendered":"<p>Unser Beitrag zu Tier- Natur- und Umweltschutz Vork\u00e4mpfer f\u00fcr die Stadt\u00f6kologie Unerm\u00fcdlich hat Frau Dr. Etscheidt f\u00fcr die Neuwieder B\u00fcrgerliste im Stadtrat f\u00fcr die Beachtung des Tier- und Naturschutzes gek\u00e4mpft und sich bei neuen Bau- und Gewerbegebieten, bei Ausbimsungen und bei der Pflege des Stadtgr\u00fcns f\u00fcr deren Belange eingesetzt. Dies war besonders schwer, da das&hellip; <br \/> <a class=\"button small blue\" href=\"https:\/\/xn--neuwieder-brgerliste-zec.de\/index.php\/2024\/05\/19\/antrag-auf-eine-zeitschiene-zum-erreichen-der-klimaneutralitaet\/\">Weiterlesen<\/a><\/p>\n","protected":false},"author":1,"featured_media":0,"parent":0,"menu_order":0,"comment_status":"closed","ping_status":"closed","template":"full-width-page.php","meta":{"footnotes":""},"class_list":["post-534","page","type-page","status-publish","hentry"],"_links":{"self":[{"href":"https:\/\/xn--neuwieder-brgerliste-zec.de\/index.php\/wp-json\/wp\/v2\/pages\/534","targetHints":{"allow":["GET"]}}],"collection":[{"href":"https:\/\/xn--neuwieder-brgerliste-zec.de\/index.php\/wp-json\/wp\/v2\/pages"}],"about":[{"href":"https:\/\/xn--neuwieder-brgerliste-zec.de\/index.php\/wp-json\/wp\/v2\/types\/page"}],"author":[{"embeddable":true,"href":"https:\/\/xn--neuwieder-brgerliste-zec.de\/index.php\/wp-json\/wp\/v2\/users\/1"}],"replies":[{"embeddable":true,"href":"https:\/\/xn--neuwieder-brgerliste-zec.de\/index.php\/wp-json\/wp\/v2\/comments?post=534"}],"version-history":[{"count":4,"href":"https:\/\/xn--neuwieder-brgerliste-zec.de\/index.php\/wp-json\/wp\/v2\/pages\/534\/revisions"}],"predecessor-version":[{"id":577,"href":"https:\/\/xn--neuwieder-brgerliste-zec.de\/index.php\/wp-json\/wp\/v2\/pages\/534\/revisions\/577"}],"wp:attachment":[{"href":"https:\/\/xn--neuwieder-brgerliste-zec.de\/index.php\/wp-json\/wp\/v2\/media?parent=534"}],"curies":[{"name":"wp","href":"https:\/\/api.w.org\/{rel}","templated":true}]}}