{"id":485,"date":"2024-05-19T16:28:33","date_gmt":"2024-05-19T14:28:33","guid":{"rendered":"https:\/\/xn--neuwieder-brgerliste-zec.de\/?page_id=485"},"modified":"2024-05-19T21:04:30","modified_gmt":"2024-05-19T19:04:30","slug":"energiewende","status":"publish","type":"page","link":"https:\/\/xn--neuwieder-brgerliste-zec.de\/index.php\/energiewende\/","title":{"rendered":"Energiewende"},"content":{"rendered":"<div  data-label=\"energiewende\" data-id=\"about-image-section-pro\" data-category=\"about\" class=\"about-image-section-pro\" id=\"energiewende\" style=\"background-color: rgb(246, 246, 246);\"> <div  class=\"gridContainer\"> <div  class=\"row about-image-gridcol-pro\"> <div  class=\"about-image-textcol-pro\" data-type=\"column\"> <h2  class=\"\"><span  style=\"color: rgb(237, 89, 0);\">Unser Beitrag zur Energiewende<\/span><\/h2>  <\/div> <div  data-type=\"column\" class=\"\"><h4  class=\"\"><span  style=\"color: rgb(0, 101, 116);\">Antrag zum Thema Photovoltaik (PV)<\/span><\/h4>  <p  class=\"\">Die Neuwieder B\u00fcrgerliste setzt in der Energiegewinnung \u2013 der Weisheit unseres Planeten folgend \u2013 vor allem auf die Sonne. Wind- und Wasserkraft sehen wir durch ihr Zerst\u00f6rungspotential kritisch mit Ausnahme der Flussw\u00e4rmpumpen. Photovoltaik geh\u00f6rt zuerst auf bereits versiegelten Fl\u00e4chen ausgebaut, bevor freie Fl\u00e4chen in der Natur zugebaut werden. In einem Antrag im M\u00e4rz 2023 forderte die B\u00fcrgerliste die Stadtverwaltung auf, das PV-Programm der SWN mehr zu bewerben und au\u00dferdem zu pr\u00fcfen, ob D\u00e4cher angemietet werden k\u00f6nnen, um PV dort zu installieren. Der Antrag wurde vom Oberb\u00fcrgermeister kurz vor der Sitzung von der Tagesordnung genommen. Die Gr\u00fcnde sind bis heute nicht ganz gekl\u00e4rt.<\/p><h4  class=\"\"><span  style=\"color: rgb(0, 101, 116);\">Antrag auf energieautarke Stadt<\/span><\/h4><p  class=\"\">Die David R\u00f6ntgen Schule hat ein preisgekr\u00f6ntes Projekt vorgestellt, wie Neuwied energieautark werden k\u00f6nnte. Die Idee haben wir aufgegriffen und wollten in einem Antrag im M\u00e4rz 2023 kleinteilige energieautarke Quartiere in Neuwied voranbringen. Beispiele in anderen Kommunen gibt es bereits. Der Antrag wurde zusammen mit dem obigen nicht zugelassen vom OB, warum auch immer. Einige Zeit sp\u00e4ter standen energieautarke Quartiere als Ziel der Verwaltung im Klimakonzept.<\/p><h4  class=\"\"><span  style=\"color: rgb(0, 101, 116);\">Antrag auf eine Zeitschiene zum Erreichen der Klimaneutralit\u00e4t<\/span><\/h4><p  class=\"\">Wenn wir bis sp\u00e4testens 2040 CO2-neutral sein wollen, ist es sinnvoll, sich Zwischenziele zu stecken um zu sehen, ob man auf einem guten Weg ist oder mehr getan werden sollte. Das dachten wir uns zusammen mit SPD, FDP und Die LINKE auch und stellten einen entsprechenden Antrag im Stadtrat. Er wurde durch die Papaya (CDU, FWG und GR\u00dcNE) abgelehnt. Wenig sp\u00e4ter erschienen solche Zwischenziele als Ma\u00dfnahme im Klimaschutzkonzept.<\/p><h4  class=\"\"><span  style=\"color: rgb(0, 101, 116);\">Stadteigene Potentialfl\u00e4chen f\u00fcr Windr\u00e4der verpachten, nicht verschenken<\/span><\/h4><p  class=\"\">In der letzten Stadtratssitzung vor der Wahl beschlossen alle Fraktionen ausser der AFD und uns, gro\u00dfe Teile des stadteigenen Waldes unentgeltlich an die SWN zu \u00fcbergeben, damit dort Windr\u00e4der gebaut werden k\u00f6nnen. Andere Kommunen verpachten ihre Fl\u00e4chen und erhalten Jahr f\u00fcr Jahr sehr viel Geld daf\u00fcr. Damit k\u00f6nnten wir unseren Haushalt aufbessern und viele sinnvolle Projekte in der Stadt unterst\u00fctzen. Weil uns diese Entscheidung unsinnig erschien, beantragten wir, die B\u00fcrger dazu zu befragen, schlie\u00dflich ist es ihr Wald. Das wurde leider vom Stadtrat abgelehnt.<\/p><a class=\"button color1\" href=\"https:\/\/neuwieder-b\u00fcrgerliste.de\/#erreichte-ziele\" target=\"_self\" data-icon=\"\" rel=\"noopener\">Zur\u00fcck zur Themen\u00fcbersicht<\/a><\/div> <\/div> <\/div> <\/div><div class=\"shariff shariff-align-center shariff-widget-align-flex-start\"><ul class=\"shariff-buttons theme-default orientation-horizontal buttonsize-medium\"><li class=\"shariff-button facebook\" style=\"background-color:#4273c8\"><a href=\"https:\/\/www.facebook.com\/sharer\/sharer.php?u=https%3A%2F%2Fxn--neuwieder-brgerliste-zec.de%2Findex.php%2F2024%2F05%2F19%2Fantrag-auf-eine-zeitschiene-zum-erreichen-der-klimaneutralitaet%2F\" title=\"Bei Facebook teilen\" aria-label=\"Bei Facebook teilen\" role=\"button\" rel=\"noreferrernoopener nofollow\" class=\"shariff-link\" style=\"; background-color:#006674; color:#fff\" target=\"_blank\"><span class=\"shariff-icon\" style=\"\"><svg width=\"32px\" height=\"20px\" xmlns=\"http:\/\/www.w3.org\/2000\/svg\" viewBox=\"0 0 18 32\"><path fill=\"#3b5998\" d=\"M17.1 0.2v4.7h-2.8q-1.5 0-2.1 0.6t-0.5 1.9v3.4h5.2l-0.7 5.3h-4.5v13.6h-5.5v-13.6h-4.5v-5.3h4.5v-3.9q0-3.3 1.9-5.2t5-1.8q2.6 0 4.1 0.2z\"\/><\/svg><\/span><span class=\"shariff-text\">teilen<\/span>&nbsp;<\/a><\/li><li class=\"shariff-button whatsapp\" style=\"background-color:#5cbe4a\"><a href=\"https:\/\/api.whatsapp.com\/send?text=https%3A%2F%2Fxn--neuwieder-brgerliste-zec.de%2Findex.php%2F2024%2F05%2F19%2Fantrag-auf-eine-zeitschiene-zum-erreichen-der-klimaneutralitaet%2F%20Antrag%20auf%20eine%20Zeitschiene%20zum%20Erreichen%20der%20Klimaneutralit%C3%A4t\" title=\"Bei Whatsapp teilen\" aria-label=\"Bei Whatsapp teilen\" role=\"button\" rel=\"noreferrernoopener nofollow\" class=\"shariff-link\" style=\"; background-color:#006674; color:#fff\" target=\"_blank\"><span class=\"shariff-icon\" style=\"\"><svg width=\"32px\" height=\"20px\" xmlns=\"http:\/\/www.w3.org\/2000\/svg\" viewBox=\"0 0 32 32\"><path fill=\"#34af23\" d=\"M17.6 17.4q0.2 0 1.7 0.8t1.6 0.9q0 0.1 0 0.3 0 0.6-0.3 1.4-0.3 0.7-1.3 1.2t-1.8 0.5q-1 0-3.4-1.1-1.7-0.8-3-2.1t-2.6-3.3q-1.3-1.9-1.3-3.5v-0.1q0.1-1.6 1.3-2.8 0.4-0.4 0.9-0.4 0.1 0 0.3 0t0.3 0q0.3 0 0.5 0.1t0.3 0.5q0.1 0.4 0.6 1.6t0.4 1.3q0 0.4-0.6 1t-0.6 0.8q0 0.1 0.1 0.3 0.6 1.3 1.8 2.4 1 0.9 2.7 1.8 0.2 0.1 0.4 0.1 0.3 0 1-0.9t0.9-0.9zM14 26.9q2.3 0 4.3-0.9t3.6-2.4 2.4-3.6 0.9-4.3-0.9-4.3-2.4-3.6-3.6-2.4-4.3-0.9-4.3 0.9-3.6 2.4-2.4 3.6-0.9 4.3q0 3.6 2.1 6.6l-1.4 4.2 4.3-1.4q2.8 1.9 6.2 1.9zM14 2.2q2.7 0 5.2 1.1t4.3 2.9 2.9 4.3 1.1 5.2-1.1 5.2-2.9 4.3-4.3 2.9-5.2 1.1q-3.5 0-6.5-1.7l-7.4 2.4 2.4-7.2q-1.9-3.2-1.9-6.9 0-2.7 1.1-5.2t2.9-4.3 4.3-2.9 5.2-1.1z\"\/><\/svg><\/span><span class=\"shariff-text\">teilen<\/span>&nbsp;<\/a><\/li><li class=\"shariff-button twitter\" style=\"background-color:#1e3050\"><a href=\"https:\/\/twitter.com\/share?url=https%3A%2F%2Fxn--neuwieder-brgerliste-zec.de%2Findex.php%2F2024%2F05%2F19%2Fantrag-auf-eine-zeitschiene-zum-erreichen-der-klimaneutralitaet%2F&text=Antrag%20auf%20eine%20Zeitschiene%20zum%20Erreichen%20der%20Klimaneutralit%C3%A4t\" title=\"Bei X (Twitter) teilen\" aria-label=\"Bei X (Twitter) teilen\" role=\"button\" rel=\"noreferrernoopener nofollow\" class=\"shariff-link\" style=\"; background-color:#006674; color:#fff\" target=\"_blank\"><span class=\"shariff-icon\" style=\"\"><svg xmlns=\"http:\/\/www.w3.org\/2000\/svg\" height=\"1em\" viewBox=\"0 0 512 512\"><!--! Font Awesome Free 6.4.2 by @fontawesome - https:\/\/fontawesome.com License - https:\/\/fontawesome.com\/license (Commercial License) Copyright 2023 Fonticons, Inc. --><style>svg{fill:#ffffff}<\/style><path d=\"M389.2 48h70.6L305.6 224.2 487 464H345L233.7 318.6 106.5 464H35.8L200.7 275.5 26.8 48H172.4L272.9 180.9 389.2 48zM364.4 421.8h39.1L151.1 88h-42L364.4 421.8z\"\/><\/svg><\/span><span class=\"shariff-text\">twittern<\/span>&nbsp;<\/a><\/li><\/ul><\/div>","protected":false},"excerpt":{"rendered":"<p>Unser Beitrag zur Energiewende Antrag zum Thema Photovoltaik (PV) Die Neuwieder B\u00fcrgerliste setzt in der Energiegewinnung \u2013 der Weisheit unseres Planeten folgend \u2013 vor allem auf die Sonne. Wind- und Wasserkraft sehen wir durch ihr Zerst\u00f6rungspotential kritisch mit Ausnahme der Flussw\u00e4rmpumpen. Photovoltaik geh\u00f6rt zuerst auf bereits versiegelten Fl\u00e4chen ausgebaut, bevor freie Fl\u00e4chen in der Natur&hellip; <br \/> <a class=\"button small blue\" href=\"https:\/\/xn--neuwieder-brgerliste-zec.de\/index.php\/2024\/05\/19\/antrag-auf-eine-zeitschiene-zum-erreichen-der-klimaneutralitaet\/\">Weiterlesen<\/a><\/p>\n","protected":false},"author":1,"featured_media":0,"parent":0,"menu_order":0,"comment_status":"closed","ping_status":"closed","template":"full-width-page.php","meta":{"footnotes":""},"class_list":["post-485","page","type-page","status-publish","hentry"],"_links":{"self":[{"href":"https:\/\/xn--neuwieder-brgerliste-zec.de\/index.php\/wp-json\/wp\/v2\/pages\/485","targetHints":{"allow":["GET"]}}],"collection":[{"href":"https:\/\/xn--neuwieder-brgerliste-zec.de\/index.php\/wp-json\/wp\/v2\/pages"}],"about":[{"href":"https:\/\/xn--neuwieder-brgerliste-zec.de\/index.php\/wp-json\/wp\/v2\/types\/page"}],"author":[{"embeddable":true,"href":"https:\/\/xn--neuwieder-brgerliste-zec.de\/index.php\/wp-json\/wp\/v2\/users\/1"}],"replies":[{"embeddable":true,"href":"https:\/\/xn--neuwieder-brgerliste-zec.de\/index.php\/wp-json\/wp\/v2\/comments?post=485"}],"version-history":[{"count":3,"href":"https:\/\/xn--neuwieder-brgerliste-zec.de\/index.php\/wp-json\/wp\/v2\/pages\/485\/revisions"}],"predecessor-version":[{"id":579,"href":"https:\/\/xn--neuwieder-brgerliste-zec.de\/index.php\/wp-json\/wp\/v2\/pages\/485\/revisions\/579"}],"wp:attachment":[{"href":"https:\/\/xn--neuwieder-brgerliste-zec.de\/index.php\/wp-json\/wp\/v2\/media?parent=485"}],"curies":[{"name":"wp","href":"https:\/\/api.w.org\/{rel}","templated":true}]}}